{"id":240,"date":"2019-01-24T00:03:35","date_gmt":"2019-01-23T23:03:35","guid":{"rendered":"http:\/\/olli-hertlein.de\/?page_id=240"},"modified":"2019-07-09T00:02:27","modified_gmt":"2019-07-08T22:02:27","slug":"ueber-mich","status":"publish","type":"page","link":"http:\/\/olli-hertlein.de\/?page_id=240","title":{"rendered":"\u00dcber mich"},"content":{"rendered":"<p>[et_pb_section bb_built=&#8220;1&#8243; admin_label=&#8220;section&#8220; background_color=&#8220;#0061ff&#8220; inner_shadow=&#8220;on&#8220; fullwidth=&#8220;on&#8220; parallax_method=&#8220;off&#8220; custom_padding_tablet=&#8220;50px|0|50px|0&#8243; custom_padding_last_edited=&#8220;on|desktop&#8220; next_background_color=&#8220;#ffffff&#8220; _builder_version=&#8220;3.19.4&#8243;][et_pb_fullwidth_header title=&#8220;Olli Hertlein &#8211; Fotograf und Mensch&#8220; subhead=&#8220;Weil fotografieren mehr ist als Technik&#8220; background_color=&#8220;rgba(255, 255, 255, 0)&#8220; _builder_version=&#8220;3.19.4&#8243; button_one_text_size__hover_enabled=&#8220;off&#8220; button_one_text_size__hover=&#8220;null&#8220; button_two_text_size__hover_enabled=&#8220;off&#8220; button_two_text_size__hover=&#8220;null&#8220; button_one_text_color__hover_enabled=&#8220;off&#8220; button_one_text_color__hover=&#8220;null&#8220; button_two_text_color__hover_enabled=&#8220;off&#8220; button_two_text_color__hover=&#8220;null&#8220; button_one_border_width__hover_enabled=&#8220;off&#8220; button_one_border_width__hover=&#8220;null&#8220; button_two_border_width__hover_enabled=&#8220;off&#8220; button_two_border_width__hover=&#8220;null&#8220; button_one_border_color__hover_enabled=&#8220;off&#8220; button_one_border_color__hover=&#8220;null&#8220; button_two_border_color__hover_enabled=&#8220;off&#8220; button_two_border_color__hover=&#8220;null&#8220; button_one_border_radius__hover_enabled=&#8220;off&#8220; button_one_border_radius__hover=&#8220;null&#8220; button_two_border_radius__hover_enabled=&#8220;off&#8220; button_two_border_radius__hover=&#8220;null&#8220; button_one_letter_spacing__hover_enabled=&#8220;on&#8220; button_one_letter_spacing__hover=&#8220;0&#8243; button_two_letter_spacing__hover_enabled=&#8220;on&#8220; button_two_letter_spacing__hover=&#8220;0&#8243; button_one_bg_color__hover_enabled=&#8220;off&#8220; button_one_bg_color__hover=&#8220;null&#8220; button_two_bg_color__hover_enabled=&#8220;off&#8220; button_two_bg_color__hover=&#8220;null&#8220; \/][\/et_pb_section][et_pb_section bb_built=&#8220;1&#8243; admin_label=&#8220;section&#8220; prev_background_color=&#8220;#0061ff&#8220;][et_pb_row admin_label=&#8220;row&#8220; make_fullwidth=&#8220;off&#8220; use_custom_width=&#8220;on&#8220; width_unit=&#8220;on&#8220; use_custom_gutter=&#8220;on&#8220; gutter_width=&#8220;4&#8243; padding_mobile=&#8220;off&#8220; allow_player_pause=&#8220;off&#8220; parallax=&#8220;off&#8220; parallax_method=&#8220;off&#8220; make_equal=&#8220;off&#8220; parallax_1=&#8220;off&#8220; parallax_method_1=&#8220;off&#8220; parallax_2=&#8220;off&#8220; parallax_method_2=&#8220;off&#8220; column_padding_mobile=&#8220;on&#8220; background_position=&#8220;top_left&#8220; background_repeat=&#8220;repeat&#8220; background_size=&#8220;initial&#8220;][et_pb_column type=&#8220;4_4&#8243;][et_pb_image src=&#8220;http:\/\/olli-hertlein.de\/wp-content\/uploads\/2016\/01\/OH-Highkey-1.jpg&#8220; use_border_color=&#8220;off&#8220; animation_style=&#8220;slide&#8220; animation_duration=&#8220;500ms&#8220; animation_intensity_slide=&#8220;10%&#8220; animation_direction=&#8220;left&#8220; _builder_version=&#8220;3.19.4&#8243; \/][et_pb_text use_border_color=&#8220;off&#8220; background_position=&#8220;top_left&#8220; background_repeat=&#8220;repeat&#8220; background_size=&#8220;initial&#8220; _builder_version=&#8220;3.19.4&#8243;]<\/p>\n<h2>Olli Hertlein<\/h2>\n<p><em>Der Fotograf und Mensch<\/em><br \/>Die Fotografie begleitet mich seit fr\u00fcher Jugend. Meine erste -damals noch komplett analoge- Spiegelreflexkamera, habe ich beim Gewinnspiel zur Er\u00f6ffnung des \u00f6rtlichen Photo Porst H\u00e4ndler erhalten. Seither hat mich dieses Thema nicht mehr losgelassen. Lange Zeit war es nur ein Hobby, dass mit der Zeit immer professioneller wurde. Irgendwann brauchte meine Frau in ihrer Grundschulklasse Bilder f\u00fcr die Zeugnismappen und in der Kita meiner Tochter sollte ein Bild der Vorschulkinder gemacht werden. Und so kam eins zum anderen.<\/p>\n<p>Seit einigen Jahren fotografiere ich nun mit viel Spa\u00df \u00fcberwiegend in Kinderg\u00e4rten und Schulen. Professionelle Technik ist dabei das eine, aber gerade bei der Arbeit mit Menschen im Allgemeinen und Kindern im besonderen, ist der pers\u00f6nliche Faktor ganz wichtig. Wenn die Atmosph\u00e4re gut ist und wenn sich die kleinen und gro\u00dfen Models wohlf\u00fchlen, dann ist die Voraussetzung f\u00fcr gelungene, echte Bilder deutlich besser. Dabei ist es nat\u00fcrlich sch\u00f6n, wenn die kleinen und gro\u00dfen Kinder lachen und sich freuen, aber auch ernste, nachdenkliche oder konzentrierte Gesichter spiegeln die Pers\u00f6nlichkeit wieder und zeigen oft einen sch\u00f6nen Moment. Um den Eltern auch diese Facetten zur Auswahl geben zu k\u00f6nnen, habe ich mich f\u00fcr die Bilderbestellung online entschieden. So haben die Eltern und Kinder mehr Motive zur Auswahl und sie entscheiden selbst, welche sie gerne m\u00f6chten und nicht der Fotograf muss das Mappenmotiv ausw\u00e4hlen.<br \/><i><\/i><\/p>\n<p>Lernen Sie mich in einem ersten, unverbindlichen Gespr\u00e4ch kennen. Ich komme gerne zu Ihnen und gemeinsam finden wir heraus, ob &#8222;Olli, der Fotograf&#8220; der richtige f\u00fcr Sie ist&#8230;\u00a0<\/p>\n<p>[\/et_pb_text][\/et_pb_column][\/et_pb_row][\/et_pb_section]<\/p>\n","protected":false},"excerpt":{"rendered":"<p>Olli HertleinDer Fotograf und MenschDie Fotografie begleitet mich seit fr\u00fcher Jugend. Meine erste -damals noch komplett analoge- Spiegelreflexkamera, habe ich beim Gewinnspiel zur Er\u00f6ffnung des \u00f6rtlichen Photo Porst H\u00e4ndler erhalten. Seither hat mich dieses Thema nicht mehr losgelassen. Lange Zeit war es nur ein Hobby, dass mit der Zeit immer professioneller wurde. Irgendwann brauchte meine [&hellip;]<\/p>\n","protected":false},"author":1,"featured_media":0,"parent":0,"menu_order":0,"comment_status":"closed","ping_status":"closed","template":"","meta":{"_et_pb_use_builder":"on","_et_pb_old_content":"","_et_gb_content_width":"","footnotes":""},"_links":{"self":[{"href":"http:\/\/olli-hertlein.de\/index.php?rest_route=\/wp\/v2\/pages\/240"}],"collection":[{"href":"http:\/\/olli-hertlein.de\/index.php?rest_route=\/wp\/v2\/pages"}],"about":[{"href":"http:\/\/olli-hertlein.de\/index.php?rest_route=\/wp\/v2\/types\/page"}],"author":[{"embeddable":true,"href":"http:\/\/olli-hertlein.de\/index.php?rest_route=\/wp\/v2\/users\/1"}],"replies":[{"embeddable":true,"href":"http:\/\/olli-hertlein.de\/index.php?rest_route=%2Fwp%2Fv2%2Fcomments&post=240"}],"version-history":[{"count":6,"href":"http:\/\/olli-hertlein.de\/index.php?rest_route=\/wp\/v2\/pages\/240\/revisions"}],"predecessor-version":[{"id":413,"href":"http:\/\/olli-hertlein.de\/index.php?rest_route=\/wp\/v2\/pages\/240\/revisions\/413"}],"wp:attachment":[{"href":"http:\/\/olli-hertlein.de\/index.php?rest_route=%2Fwp%2Fv2%2Fmedia&parent=240"}],"curies":[{"name":"wp","href":"https:\/\/api.w.org\/{rel}","templated":true}]}}