{"id":238,"date":"2019-01-24T00:05:18","date_gmt":"2019-01-23T23:05:18","guid":{"rendered":"http:\/\/olli-hertlein.de\/?page_id=238"},"modified":"2019-07-09T00:45:43","modified_gmt":"2019-07-08T22:45:43","slug":"leistungen","status":"publish","type":"page","link":"http:\/\/olli-hertlein.de\/?page_id=238","title":{"rendered":"Leistungen"},"content":{"rendered":"<p>[et_pb_section bb_built=&#8220;1&#8243; fullwidth=&#8220;on&#8220; specialty=&#8220;off&#8220; background_image=&#8220;http:\/\/olli-hertlein.de\/wp-content\/uploads\/2019\/03\/IMG_9517-3.jpg&#8220; background_color=&#8220;rgba(255,255,255,0)&#8220; inner_shadow=&#8220;on&#8220; parallax=&#8220;on&#8220; custom_padding_tablet=&#8220;50px|0|50px|0&#8243; custom_padding_last_edited=&#8220;on|desktop&#8220; next_background_color=&#8220;rgba(255,255,255,0)&#8220; _builder_version=&#8220;3.19.4&#8243;][et_pb_fullwidth_header title=&#8220;F\u00fcr Ihre Erinnerungen. Bitte recht freundlich. &#8220; subhead=&#8220;Fotografie mit Herz und Verstand&#8220; text_orientation=&#8220;center&#8220; header_fullscreen=&#8220;on&#8220; header_scroll_down=&#8220;on&#8220; button_one_text=&#8220;Kontakt&#8220; button_one_url=&#8220;http:\/\/olli-hertlein.de\/?page_id=265&#8243; button_two_text=&#8220;Mehr Infos&#8220; button_two_url=&#8220;http:\/\/olli-hertlein.de\/?page_id=262&#8243; scroll_down_icon=&#8220;%%7%%&#8220; background_color=&#8220;rgba(255, 255, 255, 0)&#8220; _builder_version=&#8220;3.19.4&#8243; button_one_text_size__hover_enabled=&#8220;off&#8220; button_one_text_size__hover=&#8220;null&#8220; button_two_text_size__hover_enabled=&#8220;off&#8220; button_two_text_size__hover=&#8220;null&#8220; button_one_text_color__hover_enabled=&#8220;off&#8220; button_one_text_color__hover=&#8220;null&#8220; button_two_text_color__hover_enabled=&#8220;off&#8220; button_two_text_color__hover=&#8220;null&#8220; button_one_border_width__hover_enabled=&#8220;off&#8220; button_one_border_width__hover=&#8220;null&#8220; button_two_border_width__hover_enabled=&#8220;off&#8220; button_two_border_width__hover=&#8220;null&#8220; button_one_border_color__hover_enabled=&#8220;off&#8220; button_one_border_color__hover=&#8220;null&#8220; button_two_border_color__hover_enabled=&#8220;off&#8220; button_two_border_color__hover=&#8220;null&#8220; button_one_border_radius__hover_enabled=&#8220;off&#8220; button_one_border_radius__hover=&#8220;null&#8220; button_two_border_radius__hover_enabled=&#8220;off&#8220; button_two_border_radius__hover=&#8220;null&#8220; button_one_letter_spacing__hover_enabled=&#8220;on&#8220; button_one_letter_spacing__hover=&#8220;0&#8243; button_two_letter_spacing__hover_enabled=&#8220;on&#8220; button_two_letter_spacing__hover=&#8220;0&#8243; button_one_bg_color__hover_enabled=&#8220;off&#8220; button_one_bg_color__hover=&#8220;null&#8220; button_two_bg_color__hover_enabled=&#8220;off&#8220; button_two_bg_color__hover=&#8220;null&#8220; \/][\/et_pb_section][et_pb_section bb_built=&#8220;1&#8243; admin_label=&#8220;section&#8220; background_color=&#8220;rgba(255,255,255,0)&#8220; inner_shadow=&#8220;off&#8220; parallax=&#8220;on&#8220; transparent_background=&#8220;on&#8220; allow_player_pause=&#8220;off&#8220; parallax_method=&#8220;off&#8220; padding_mobile=&#8220;off&#8220; make_fullwidth=&#8220;off&#8220; use_custom_width=&#8220;off&#8220; width_unit=&#8220;on&#8220; make_equal=&#8220;off&#8220; use_custom_gutter=&#8220;off&#8220; custom_padding_tablet=&#8220;50px|0|50px|0&#8243; custom_padding_last_edited=&#8220;on|desktop&#8220; prev_background_color=&#8220;#000000&#8243;][et_pb_row admin_label=&#8220;row&#8220; background_position=&#8220;top_left&#8220; background_repeat=&#8220;repeat&#8220; background_size=&#8220;initial&#8220;][et_pb_column type=&#8220;4_4&#8243;][et_pb_text text_orientation=&#8220;center&#8220; use_border_color=&#8220;off&#8220; background_position=&#8220;top_left&#8220; background_repeat=&#8220;repeat&#8220; background_size=&#8220;initial&#8220; module_alignment=&#8220;center&#8220; _builder_version=&#8220;3.19.4&#8243;]<\/p>\n<h1>Fotografie von A bis Z.<\/h1>\n<p>Alles aus einer Hand. Ein Ansprechpartner. Vom Vorgespr\u00e4ch \u00fcber das Shooting bis zum fertigen Produkt. Unkompliziert und schnell.<\/p>\n<p>[\/et_pb_text][\/et_pb_column][\/et_pb_row][et_pb_row admin_label=&#8220;row&#8220; make_fullwidth=&#8220;off&#8220; use_custom_width=&#8220;off&#8220; width_unit=&#8220;on&#8220; use_custom_gutter=&#8220;off&#8220; padding_mobile=&#8220;off&#8220; allow_player_pause=&#8220;off&#8220; parallax=&#8220;off&#8220; parallax_method=&#8220;off&#8220; make_equal=&#8220;off&#8220; parallax_1=&#8220;off&#8220; parallax_method_1=&#8220;off&#8220; background_color_1=&#8220;#ffffff&#8220; padding_top_1=&#8220;10px&#8220; padding_right_1=&#8220;10px&#8220; padding_bottom_1=&#8220;10px&#8220; padding_left_1=&#8220;10px&#8220; parallax_2=&#8220;off&#8220; parallax_method_2=&#8220;off&#8220; background_color_2=&#8220;#ffffff&#8220; padding_top_2=&#8220;10px&#8220; padding_right_2=&#8220;10px&#8220; padding_bottom_2=&#8220;10px&#8220; padding_left_2=&#8220;10px&#8220; parallax_3=&#8220;off&#8220; parallax_method_3=&#8220;off&#8220; background_color_3=&#8220;#ffffff&#8220; padding_top_3=&#8220;10px&#8220; padding_right_3=&#8220;10px&#8220; padding_bottom_3=&#8220;10px&#8220; padding_left_3=&#8220;10px&#8220; parallax_4=&#8220;off&#8220; parallax_method_4=&#8220;off&#8220; background_color_4=&#8220;#ffffff&#8220; padding_top_4=&#8220;10px&#8220; padding_right_4=&#8220;10px&#8220; padding_bottom_4=&#8220;10px&#8220; padding_left_4=&#8220;10px&#8220; column_padding_mobile=&#8220;on&#8220; background_position=&#8220;top_left&#8220; background_repeat=&#8220;repeat&#8220; background_size=&#8220;initial&#8220;][et_pb_column type=&#8220;1_4&#8243;][et_pb_blurb admin_label=&#8220;Blurb&#8220; title=&#8220;24\/7 Online&#8220; text_orientation=&#8220;center&#8220; use_icon=&#8220;on&#8220; use_circle=&#8220;on&#8220; circle_color=&#8220;#ffbb00&#8243; circle_border_color=&#8220;#2caaca&#8220; font_icon=&#8220;%%92%%&#8220; icon_color=&#8220;#ffffff&#8220; use_border_color=&#8220;off&#8220; background_position=&#8220;top_left&#8220; background_repeat=&#8220;repeat&#8220; background_size=&#8220;initial&#8220; _builder_version=&#8220;3.19.4&#8243; max_width_tablet=&#8220;50px&#8220;]<\/p>\n<p>Bestellen, wenn es Ihnen passt. Der Online-Shop ist immer erreichbar!<\/p>\n<p>[\/et_pb_blurb][\/et_pb_column][et_pb_column type=&#8220;1_4&#8243;][et_pb_blurb admin_label=&#8220;Blurb&#8220; title=&#8220;Produktvielfalt&#8220; text_orientation=&#8220;center&#8220; use_icon=&#8220;on&#8220; use_circle=&#8220;on&#8220; circle_color=&#8220;#31aec6&#8243; circle_border_color=&#8220;#2caaca&#8220; font_icon=&#8220;%%114%%&#8220; icon_color=&#8220;#ffffff&#8220; use_border_color=&#8220;off&#8220; background_position=&#8220;top_left&#8220; background_repeat=&#8220;repeat&#8220; background_size=&#8220;initial&#8220; _builder_version=&#8220;3.19.4&#8243; max_width_tablet=&#8220;50px&#8220;]<\/p>\n<p>Fotogeschenke f\u00fcr jede Gelegenheit im Shop. F\u00fcr Freunde, Verwandte oder einfach f\u00fcr sich selbst!<\/p>\n<p>[\/et_pb_blurb][\/et_pb_column][et_pb_column type=&#8220;1_4&#8243;][et_pb_blurb admin_label=&#8220;Blurb&#8220; title=&#8220;Zeitnah&#8220; text_orientation=&#8220;center&#8220; use_icon=&#8220;on&#8220; icon_color=&#8220;#ffffff&#8220; use_circle=&#8220;on&#8220; circle_color=&#8220;#9d39e5&#8243; circle_border_color=&#8220;#2caaca&#8220; font_icon=&#8220;%%167%%&#8220; use_border_color=&#8220;off&#8220; background_position=&#8220;top_left&#8220; background_repeat=&#8220;repeat&#8220; background_size=&#8220;initial&#8220; _builder_version=&#8220;3.19.4&#8243; max_width_tablet=&#8220;50px&#8220;]<\/p>\n<p>Schnelle Lieferung. 1-2-Tage nach dem Shooting online bestellbar<\/p>\n<p>[\/et_pb_blurb][\/et_pb_column][et_pb_column type=&#8220;1_4&#8243;][et_pb_blurb admin_label=&#8220;Blurb&#8220; title=&#8220;Faire Preise&#8220; image=&#8220;http:\/\/elegantthemes.com\/preview\/Divi2\/wp-content\/uploads\/2014\/04\/blurb-icon-updates.png&#8220; text_orientation=&#8220;center&#8220; use_icon=&#8220;on&#8220; icon_color=&#8220;#ffffff&#8220; use_circle=&#8220;on&#8220; circle_color=&#8220;#9eef3b&#8220; circle_border_color=&#8220;#2caaca&#8220; font_icon=&#8220;%%156%%&#8220; use_border_color=&#8220;off&#8220; background_position=&#8220;top_left&#8220; background_repeat=&#8220;repeat&#8220; background_size=&#8220;initial&#8220; _builder_version=&#8220;3.19.4&#8243; max_width_tablet=&#8220;50px&#8220;]<\/p>\n<p>Sparpaket, Einzelbestellung oder All Inklusive? Suchen Sie es so aus, wie es f\u00fcr Sie passt!<\/p>\n<p>[\/et_pb_blurb][\/et_pb_column][\/et_pb_row][\/et_pb_section]<\/p>\n","protected":false},"excerpt":{"rendered":"<p>Fotografie von A bis Z. Alles aus einer Hand. Ein Ansprechpartner. Vom Vorgespr\u00e4ch \u00fcber das Shooting bis zum fertigen Produkt. Unkompliziert und schnell. Bestellen, wenn es Ihnen passt. Der Online-Shop ist immer erreichbar! Fotogeschenke f\u00fcr jede Gelegenheit im Shop. F\u00fcr Freunde, Verwandte oder einfach f\u00fcr sich selbst! Schnelle Lieferung. 1-2-Tage nach dem Shooting online bestellbar [&hellip;]<\/p>\n","protected":false},"author":1,"featured_media":0,"parent":0,"menu_order":0,"comment_status":"closed","ping_status":"closed","template":"","meta":{"_et_pb_use_builder":"on","_et_pb_old_content":"","_et_gb_content_width":"","footnotes":""},"_links":{"self":[{"href":"http:\/\/olli-hertlein.de\/index.php?rest_route=\/wp\/v2\/pages\/238"}],"collection":[{"href":"http:\/\/olli-hertlein.de\/index.php?rest_route=\/wp\/v2\/pages"}],"about":[{"href":"http:\/\/olli-hertlein.de\/index.php?rest_route=\/wp\/v2\/types\/page"}],"author":[{"embeddable":true,"href":"http:\/\/olli-hertlein.de\/index.php?rest_route=\/wp\/v2\/users\/1"}],"replies":[{"embeddable":true,"href":"http:\/\/olli-hertlein.de\/index.php?rest_route=%2Fwp%2Fv2%2Fcomments&post=238"}],"version-history":[{"count":7,"href":"http:\/\/olli-hertlein.de\/index.php?rest_route=\/wp\/v2\/pages\/238\/revisions"}],"predecessor-version":[{"id":422,"href":"http:\/\/olli-hertlein.de\/index.php?rest_route=\/wp\/v2\/pages\/238\/revisions\/422"}],"wp:attachment":[{"href":"http:\/\/olli-hertlein.de\/index.php?rest_route=%2Fwp%2Fv2%2Fmedia&parent=238"}],"curies":[{"name":"wp","href":"https:\/\/api.w.org\/{rel}","templated":true}]}}